{"id":10395,"date":"2021-09-21T08:56:14","date_gmt":"2021-09-21T06:56:14","guid":{"rendered":"http:\/\/biometic.com\/informativa-sulla-privacy-e-diritti-dautore\/"},"modified":"2025-11-25T10:35:21","modified_gmt":"2025-11-25T08:35:21","slug":"informativa-sulla-privacy-e-diritti-dautore","status":"publish","type":"page","link":"https:\/\/www.biometic.com\/it\/informativa-sulla-privacy-e-diritti-dautore\/","title":{"rendered":"Informativa sulla privacy e diritti d&#8217;autore"},"content":{"rendered":"\t\t<div data-elementor-type=\"wp-page\" data-elementor-id=\"10395\" class=\"elementor elementor-10395 elementor-7302\" data-elementor-post-type=\"page\">\n\t\t\t\t\t\t<section class=\"elementor-section elementor-top-section elementor-element elementor-element-b48687c elementor-section-height-min-height elementor-section-boxed elementor-section-height-default elementor-section-items-middle\" data-id=\"b48687c\" data-element_type=\"section\" data-settings=\"{&quot;background_background&quot;:&quot;classic&quot;}\">\n\t\t\t\t\t\t\t<div class=\"elementor-background-overlay\"><\/div>\n\t\t\t\t\t\t\t<div class=\"elementor-container elementor-column-gap-default\">\n\t\t\t\t\t<div class=\"elementor-column elementor-col-100 elementor-top-column elementor-element elementor-element-f563ca9\" data-id=\"f563ca9\" data-element_type=\"column\">\n\t\t\t<div class=\"elementor-widget-wrap elementor-element-populated\">\n\t\t\t\t\t\t<div class=\"elementor-element elementor-element-62d7084 elementor-widget elementor-widget-heading\" data-id=\"62d7084\" data-element_type=\"widget\" data-widget_type=\"heading.default\">\n\t\t\t\t<div class=\"elementor-widget-container\">\n\t\t\t<style>\/*! elementor - v3.23.0 - 05-08-2024 *\/\n.elementor-heading-title{padding:0;margin:0;line-height:1}.elementor-widget-heading .elementor-heading-title[class*=elementor-size-]>a{color:inherit;font-size:inherit;line-height:inherit}.elementor-widget-heading .elementor-heading-title.elementor-size-small{font-size:15px}.elementor-widget-heading .elementor-heading-title.elementor-size-medium{font-size:19px}.elementor-widget-heading .elementor-heading-title.elementor-size-large{font-size:29px}.elementor-widget-heading .elementor-heading-title.elementor-size-xl{font-size:39px}.elementor-widget-heading .elementor-heading-title.elementor-size-xxl{font-size:59px}<\/style><h1 class=\"elementor-heading-title elementor-size-default\">Informativa sulla privacy e diritti d'autore<\/h1>\t\t<\/div>\n\t\t\t\t<\/div>\n\t\t\t\t<div class=\"elementor-element elementor-element-143e530 elementor-widget elementor-widget-text-editor\" data-id=\"143e530\" data-element_type=\"widget\" data-widget_type=\"text-editor.default\">\n\t\t\t\t<div class=\"elementor-widget-container\">\n\t\t\t<style>\/*! elementor - v3.23.0 - 05-08-2024 *\/\n.elementor-widget-text-editor.elementor-drop-cap-view-stacked .elementor-drop-cap{background-color:#69727d;color:#fff}.elementor-widget-text-editor.elementor-drop-cap-view-framed .elementor-drop-cap{color:#69727d;border:3px solid;background-color:transparent}.elementor-widget-text-editor:not(.elementor-drop-cap-view-default) .elementor-drop-cap{margin-top:8px}.elementor-widget-text-editor:not(.elementor-drop-cap-view-default) .elementor-drop-cap-letter{width:1em;height:1em}.elementor-widget-text-editor .elementor-drop-cap{float:left;text-align:center;line-height:1;font-size:50px}.elementor-widget-text-editor .elementor-drop-cap-letter{display:inline-block}<\/style>\t\t\t\t<p>Per saperne di pi\u00f9 sulla nostra politica sulla privacy e sui diritti d&#8217;autore del sito web<\/p>\n\t\t\t\t\t\t<\/div>\n\t\t\t\t<\/div>\n\t\t\t\t\t<\/div>\n\t\t<\/div>\n\t\t\t\t\t<\/div>\n\t\t<\/section>\n\t\t\t\t<section class=\"elementor-section elementor-top-section elementor-element elementor-element-0141505 elementor-section-boxed elementor-section-height-default elementor-section-height-default\" data-id=\"0141505\" data-element_type=\"section\">\n\t\t\t\t\t\t<div class=\"elementor-container elementor-column-gap-default\">\n\t\t\t\t\t<div class=\"elementor-column elementor-col-100 elementor-top-column elementor-element elementor-element-56a192b\" data-id=\"56a192b\" data-element_type=\"column\">\n\t\t\t<div class=\"elementor-widget-wrap elementor-element-populated\">\n\t\t\t\t\t\t<div class=\"elementor-element elementor-element-71b7c64 elementor-align-left elementor-widget elementor-widget-breadcrumbs\" data-id=\"71b7c64\" data-element_type=\"widget\" data-widget_type=\"breadcrumbs.default\">\n\t\t\t\t<div class=\"elementor-widget-container\">\n\t\t\t<link rel=\"stylesheet\" href=\"https:\/\/www.biometic.com\/wp-content\/plugins\/elementor-pro\/assets\/css\/widget-theme-elements.min.css?ver=1724074430\"><p id=\"breadcrumbs\"><span><span><a href=\"https:\/\/www.biometic.com\/it\/\">Home<\/a><\/span><\/span><\/p>\t\t<\/div>\n\t\t\t\t<\/div>\n\t\t\t\t\t<\/div>\n\t\t<\/div>\n\t\t\t\t\t<\/div>\n\t\t<\/section>\n\t\t\t\t<section class=\"elementor-section elementor-top-section elementor-element elementor-element-adfa2aa elementor-section-boxed elementor-section-height-default elementor-section-height-default\" data-id=\"adfa2aa\" data-element_type=\"section\" id=\"imprint\">\n\t\t\t\t\t\t<div class=\"elementor-container elementor-column-gap-default\">\n\t\t\t\t\t<div class=\"elementor-column elementor-col-100 elementor-top-column elementor-element elementor-element-ea47dbe\" data-id=\"ea47dbe\" data-element_type=\"column\" data-settings=\"{&quot;background_background&quot;:&quot;classic&quot;}\">\n\t\t\t<div class=\"elementor-widget-wrap elementor-element-populated\">\n\t\t\t\t\t\t<div class=\"elementor-element elementor-element-ba0083c elementor-widget elementor-widget-heading\" data-id=\"ba0083c\" data-element_type=\"widget\" data-widget_type=\"heading.default\">\n\t\t\t\t<div class=\"elementor-widget-container\">\n\t\t\t<h2 class=\"elementor-heading-title elementor-size-default\">Imprint<\/h2>\t\t<\/div>\n\t\t\t\t<\/div>\n\t\t\t\t<div class=\"elementor-element elementor-element-b262b0c elementor-widget elementor-widget-text-editor\" data-id=\"b262b0c\" data-element_type=\"widget\" data-widget_type=\"text-editor.default\">\n\t\t\t\t<div class=\"elementor-widget-container\">\n\t\t\t\t\t\t\t<p>Sede legale in 39042 Bressanone<\/p><p><strong>BIOMETiC SRL<\/strong><br \/>Julius Durst 98<br \/>39042 Bressanone<br \/>Italia<\/p><p>T <a href=\"tel:+390472273760\">+39 0472 273 760<\/a><br \/>F +39 0472 273 711<br \/><a href=\"mailto:contact@biometic.com\">contact@biometic.com<\/a><\/p><p><strong>Nome dell&#8217;azienda<\/strong>: BIOMETiC (Parte del Gruppo <a href=\"https:\/\/www.microtec.eu\/\" target=\"_blank\" rel=\"noopener\">MiCROTEC<\/a>)<br \/><strong>Rappresentata dall&#8217;amministratore unico:<\/strong> Frank J\u00f6st (amministratore unico)<br \/><strong>Codice fiscale \/ Partita IVA<\/strong>: IT 02766140210<br \/><strong>Numero REA<\/strong>: 02766140210<br \/><strong>Codice di destinazione elettronica<\/strong>: USAL8PV<\/p><p><strong>Posta elettronica certificata PEC<\/strong> (Posta Elettronica Certificata) <a href=\"mailto:biometic@legalmail.it\">biometic@legalmail.it<\/a><\/p><p>Capitale sociale: \u20ac 10.000 (interamente versato)<br \/>Societ\u00e0 a socio unico<\/p>\t\t\t\t\t\t<\/div>\n\t\t\t\t<\/div>\n\t\t\t\t\t<\/div>\n\t\t<\/div>\n\t\t\t\t\t<\/div>\n\t\t<\/section>\n\t\t\t\t<section class=\"elementor-section elementor-top-section elementor-element elementor-element-14846f6 elementor-section-boxed elementor-section-height-default elementor-section-height-default\" data-id=\"14846f6\" data-element_type=\"section\" data-settings=\"{&quot;background_background&quot;:&quot;classic&quot;}\">\n\t\t\t\t\t\t<div class=\"elementor-container elementor-column-gap-default\">\n\t\t\t\t\t<div class=\"elementor-column elementor-col-100 elementor-top-column elementor-element elementor-element-efc3265\" data-id=\"efc3265\" data-element_type=\"column\">\n\t\t\t<div class=\"elementor-widget-wrap elementor-element-populated\">\n\t\t\t\t\t\t<div class=\"elementor-element elementor-element-773de91 elementor-widget elementor-widget-heading\" data-id=\"773de91\" data-element_type=\"widget\" data-widget_type=\"heading.default\">\n\t\t\t\t<div class=\"elementor-widget-container\">\n\t\t\t<h2 class=\"elementor-heading-title elementor-size-default\">Politica sulla privacy<\/h2>\t\t<\/div>\n\t\t\t\t<\/div>\n\t\t\t\t<div class=\"elementor-element elementor-element-e83da52 elementor-widget elementor-widget-html\" data-id=\"e83da52\" data-element_type=\"widget\" data-widget_type=\"html.default\">\n\t\t\t\t<div class=\"elementor-widget-container\">\n\t\t\t<a href=\"https:\/\/www.iubenda.com\/privacy-policy\/92098152\" class=\"iubenda-white no-brand iubenda-noiframe iubenda-embed iubenda-noiframe iub-body-embed\" title=\"Privacy Policy\">Privacy Policy<\/a><script type=\"text\/javascript\">(function (w,d) {var loader = function () {var s = d.createElement(\"script\"), tag = d.getElementsByTagName(\"script\")[0]; s.src=\"https:\/\/cdn.iubenda.com\/iubenda.js\"; tag.parentNode.insertBefore(s,tag);}; if(w.addEventListener){w.addEventListener(\"load\", loader, false);}else if(w.attachEvent){w.attachEvent(\"onload\", loader);}else{w.onload = loader;}})(window, document);<\/script>\t\t<\/div>\n\t\t\t\t<\/div>\n\t\t\t\t<div class=\"elementor-element elementor-element-f5f2947 elementor-widget elementor-widget-text-editor\" data-id=\"f5f2947\" data-element_type=\"widget\" data-widget_type=\"text-editor.default\">\n\t\t\t\t<div class=\"elementor-widget-container\">\n\t\t\t\t\t\t\t<p><a href=\"https:\/\/www.biometic.com\/wp-content\/uploads\/2024\/04\/Lettera-informativa-sulla-protezione-dei-dati.pdf\">Trattamento dati: Clienti e fornitori<\/a><\/p><p><a href=\"https:\/\/www.biometic.com\/wp-content\/uploads\/2024\/04\/Lettera-informativa-sulla-protezione-dei-dati-1.pdf\">Privacy &#8211; Candidati<\/a><br \/><br \/><a href=\"https:\/\/www.biometic.com\/wp-content\/uploads\/2025\/11\/Biometic-Srl-bilancio-30-04-2025-nota-integrativa-19.pdf\">Contributi<\/a><\/p>\t\t\t\t\t\t<\/div>\n\t\t\t\t<\/div>\n\t\t\t\t\t<\/div>\n\t\t<\/div>\n\t\t\t\t\t<\/div>\n\t\t<\/section>\n\t\t\t\t<section class=\"elementor-section elementor-top-section elementor-element elementor-element-cfed7ed elementor-section-boxed elementor-section-height-default elementor-section-height-default\" data-id=\"cfed7ed\" data-element_type=\"section\" id=\"copyrights\" data-settings=\"{&quot;background_background&quot;:&quot;classic&quot;}\">\n\t\t\t\t\t\t<div class=\"elementor-container elementor-column-gap-default\">\n\t\t\t\t\t<div class=\"elementor-column elementor-col-100 elementor-top-column elementor-element elementor-element-41d39f1\" data-id=\"41d39f1\" data-element_type=\"column\">\n\t\t\t<div class=\"elementor-widget-wrap elementor-element-populated\">\n\t\t\t\t\t\t<div class=\"elementor-element elementor-element-649805e elementor-widget elementor-widget-heading\" data-id=\"649805e\" data-element_type=\"widget\" data-widget_type=\"heading.default\">\n\t\t\t\t<div class=\"elementor-widget-container\">\n\t\t\t<h2 class=\"elementor-heading-title elementor-size-default\">Diritti d'autore<\/h2>\t\t<\/div>\n\t\t\t\t<\/div>\n\t\t\t\t<div class=\"elementor-element elementor-element-9a77ecc elementor-widget elementor-widget-text-editor\" data-id=\"9a77ecc\" data-element_type=\"widget\" data-widget_type=\"text-editor.default\">\n\t\t\t\t<div class=\"elementor-widget-container\">\n\t\t\t\t\t\t\t<p><strong>Responsabilit\u00e0 per il contenuto<\/strong> Il contenuto del nostro sito web \u00e8 stato compilato con grande cura. Tuttavia, non possiamo assumerci alcuna responsabilit\u00e0 per la correttezza, la completezza o l&#8217;attualit\u00e0 del suo contenuto. Come fornitore di servizi, siamo responsabili del nostro contenuto sul sito in conformit\u00e0 con la legislazione generale. Tuttavia, non siamo obbligati come fornitore di servizi a controllare le informazioni di terzi trasferite o memorizzate o a indagare su circostanze che suggeriscono attivit\u00e0 illegali. L&#8217;obbligo di rimuovere o bloccare l&#8217;uso di informazioni in conformit\u00e0 con la legislazione generale rimane inalterato. Tuttavia, la responsabilit\u00e0 in questo senso \u00e8 possibile solo dal momento in cui si viene a conoscenza di una concreta violazione della legge. Una volta venuti a conoscenza di tali violazioni di legge, rimuoveremo immediatamente tali contenuti. Responsabilit\u00e0 per i link Il nostro sito web contiene link a siti web esterni di terzi. Non abbiamo alcuna influenza sul contenuto di questi. Pertanto, non possiamo accettare alcuna responsabilit\u00e0 per tali contenuti di terzi. La responsabilit\u00e0 per il contenuto dei siti collegati \u00e8 sempre del relativo fornitore o gestore. I siti collegati sono stati controllati per potenziali violazioni legali al momento del collegamento. Nessun contenuto illegale era identificabile al momento del collegamento. Tuttavia, il controllo permanente del contenuto dei siti collegati non \u00e8 ragionevole senza prove concrete di una violazione della legge. Se veniamo a conoscenza di violazioni della legge, rimuoviamo immediatamente tali link. Esclusione del diritto d&#8217;autore I contenuti e i lavori compilati dai gestori del sito su queste pagine sono soggetti al diritto d&#8217;autore europeo. La riproduzione, l&#8217;elaborazione, la distribuzione e qualsiasi altra forma di riutilizzo al di fuori dell&#8217;ambito della legge sul copyright richiede il consenso scritto del relativo autore o creatore. I download e le copie di questo sito web sono autorizzati solo per uso privato e non per uso commerciale. Laddove il contenuto di questo sito web non \u00e8 stato creato dall&#8217;operatore, \u00e8 stato rispettato il copyright di terzi. In particolare, i contenuti di terzi sono indicati come tali. Tuttavia, se doveste notare una violazione del diritto d&#8217;autore, vi saremmo grati se ce lo segnalaste. Non appena verremo a conoscenza di violazioni del diritto d&#8217;autore, rimuoveremo immediatamente tali contenuti. Diritti d&#8217;autore di terzi &#8211; Media<\/p>\n<ul>\n<li><a href=\"https:\/\/www.latteria-vipiteno.it\/it\/benvenuti-1.html\">Latteria Vipiteno-Milchhof Sterzing<\/a><\/li>\n<li><a href=\"https:\/\/www.moling.photography\/\">Helmut Moling<\/a><\/li>\n<li><a href=\"https:\/\/www.pexels.com\/\">Pexels<\/a><\/li>\n<li><a href=\"https:\/\/www.shutterstock.com\/\">Shutterstock<\/a><\/li>\n<\/ul>\n\t\t\t\t\t\t<\/div>\n\t\t\t\t<\/div>\n\t\t\t\t\t<\/div>\n\t\t<\/div>\n\t\t\t\t\t<\/div>\n\t\t<\/section>\n\t\t\t\t<section class=\"elementor-section elementor-top-section elementor-element elementor-element-e581f3c elementor-section-boxed elementor-section-height-default elementor-section-height-default\" data-id=\"e581f3c\" data-element_type=\"section\" data-settings=\"{&quot;background_background&quot;:&quot;classic&quot;}\">\n\t\t\t\t\t\t<div class=\"elementor-container elementor-column-gap-default\">\n\t\t\t\t\t<div class=\"elementor-column elementor-col-100 elementor-top-column elementor-element elementor-element-a4d6b55\" data-id=\"a4d6b55\" data-element_type=\"column\">\n\t\t\t<div class=\"elementor-widget-wrap elementor-element-populated\">\n\t\t\t\t\t\t<div class=\"elementor-element elementor-element-d53cc92 elementor-widget elementor-widget-heading\" data-id=\"d53cc92\" data-element_type=\"widget\" data-widget_type=\"heading.default\">\n\t\t\t\t<div class=\"elementor-widget-container\">\n\t\t\t<h2 class=\"elementor-heading-title elementor-size-default\">Uso della tecnologia SalesViewer\u00ae:<\/h2>\t\t<\/div>\n\t\t\t\t<\/div>\n\t\t\t\t<div class=\"elementor-element elementor-element-79170e1 elementor-widget elementor-widget-text-editor\" data-id=\"79170e1\" data-element_type=\"widget\" data-widget_type=\"text-editor.default\">\n\t\t\t\t<div class=\"elementor-widget-container\">\n\t\t\t\t\t\t\t<p>In questo sito Web, tramite la tecnologia SalesViewer\u00ae di SalesViewer\u00ae GmbH e sulla base di leciti interessi del gestore del sito Web (art. 6 cpv.1 lett. f del GDPR), vengono raccolti e salvati dati a scopo di marketing, ricerca di mercato e ottimizzazione.<\/p>\n<p>A tale fine viene impiegato un codice basato su JavaScript che serve alla raccolta di dati riferiti all&#8217;azienda e al rispettivo uso. I dati acquisiti con questa tecnologia vengono criptati mediante una funzione unidirezionale non decifrabile (il cosiddetto Hashing). I dati vengono direttamente pseudonimizzati e non vengono usati per identificare il visitatore di questo sito Web.<\/p>\n<p>La raccolta e il salvataggio dei dati possono essere rifiutati in ogni momento con effetto per il futuro facendo clic su questo link\u00a0<a href=\"https:\/\/www.salesviewer.com\/opt-out\" target=\"_blank\" rel=\"noopener\">QUI<\/a>, al fine di impedire una futura acquisizione dei dati da parte di SalesViewer\u00ae all\u2019interno di questo sito Web.\u00a0 A questo scopo, sul dispositivo utilizzato viene memorizzato un cookie di opt-out per questo sito Web. In caso di eliminazione dei propri cookie in questo browser, sar\u00e0 necessario fare clic nuovamente su questo link.<\/p>\n\t\t\t\t\t\t<\/div>\n\t\t\t\t<\/div>\n\t\t\t\t\t<\/div>\n\t\t<\/div>\n\t\t\t\t\t<\/div>\n\t\t<\/section>\n\t\t\t\t<\/div>\n\t\t","protected":false},"excerpt":{"rendered":"<p>Informativa sulla privacy e diritti d&#8217;autore Per saperne di pi\u00f9 sulla nostra politica sulla privacy e sui diritti d&#8217;autore del sito web Imprint Sede legale in 39042 Bressanone BIOMETiC SRLJulius Durst 9839042 BressanoneItalia T +39 0472 273 760F +39 0472 273 711contact@biometic.com Nome dell&#8217;azienda: BIOMETiC (Parte del Gruppo MiCROTEC)Rappresentata dall&#8217;amministratore unico: Frank J\u00f6st (amministratore unico)Codice [&hellip;]<\/p>\n","protected":false},"author":1,"featured_media":0,"parent":0,"menu_order":0,"comment_status":"closed","ping_status":"closed","template":"","meta":{"_acf_changed":false,"inline_featured_image":false,"footnotes":""},"class_list":["post-10395","page","type-page","status-publish","hentry"],"acf":[],"yoast_head":"<!-- This site is optimized with the Yoast SEO plugin v24.0 - https:\/\/yoast.com\/wordpress\/plugins\/seo\/ -->\n<title>BIOMETiC | Informativa sulla privacy e diritti d&#039;autore<\/title>\n<meta name=\"description\" content=\"Ci impegniamo a salvaguardare e preservare la privacy dei nostri visitatori. Puoi leggere la politica sulla privacy di BIOMETiC qui.\" \/>\n<meta name=\"robots\" content=\"index, follow, max-snippet:-1, max-image-preview:large, max-video-preview:-1\" \/>\n<link rel=\"canonical\" href=\"https:\/\/www.biometic.com\/it\/informativa-sulla-privacy-e-diritti-dautore\/\" \/>\n<meta property=\"og:locale\" content=\"it_IT\" \/>\n<meta property=\"og:type\" content=\"article\" \/>\n<meta property=\"og:title\" content=\"BIOMETiC | Informativa sulla privacy e diritti d&#039;autore\" \/>\n<meta property=\"og:description\" content=\"Ci impegniamo a salvaguardare e preservare la privacy dei nostri visitatori. Puoi leggere la politica sulla privacy di BIOMETiC qui.\" \/>\n<meta property=\"og:url\" content=\"https:\/\/www.biometic.com\/it\/informativa-sulla-privacy-e-diritti-dautore\/\" \/>\n<meta property=\"og:site_name\" content=\"BIOMETiC\" \/>\n<meta property=\"article:modified_time\" content=\"2025-11-25T08:35:21+00:00\" \/>\n<meta name=\"twitter:card\" content=\"summary_large_image\" \/>\n<meta name=\"twitter:label1\" content=\"Tempo di lettura stimato\" \/>\n\t<meta name=\"twitter:data1\" content=\"4 minuti\" \/>\n<script type=\"application\/ld+json\" class=\"yoast-schema-graph\">{\"@context\":\"https:\/\/schema.org\",\"@graph\":[{\"@type\":\"WebPage\",\"@id\":\"https:\/\/www.biometic.com\/it\/informativa-sulla-privacy-e-diritti-dautore\/\",\"url\":\"https:\/\/www.biometic.com\/it\/informativa-sulla-privacy-e-diritti-dautore\/\",\"name\":\"BIOMETiC | Informativa sulla privacy e diritti d'autore\",\"isPartOf\":{\"@id\":\"https:\/\/www.biometic.com\/it\/#website\"},\"datePublished\":\"2021-09-21T06:56:14+00:00\",\"dateModified\":\"2025-11-25T08:35:21+00:00\",\"description\":\"Ci impegniamo a salvaguardare e preservare la privacy dei nostri visitatori. Puoi leggere la politica sulla privacy di BIOMETiC qui.\",\"breadcrumb\":{\"@id\":\"https:\/\/www.biometic.com\/it\/informativa-sulla-privacy-e-diritti-dautore\/#breadcrumb\"},\"inLanguage\":\"it-IT\",\"potentialAction\":[{\"@type\":\"ReadAction\",\"target\":[\"https:\/\/www.biometic.com\/it\/informativa-sulla-privacy-e-diritti-dautore\/\"]}]},{\"@type\":\"BreadcrumbList\",\"@id\":\"https:\/\/www.biometic.com\/it\/informativa-sulla-privacy-e-diritti-dautore\/#breadcrumb\",\"itemListElement\":[{\"@type\":\"ListItem\",\"position\":1,\"name\":\"Home\",\"item\":\"https:\/\/www.biometic.com\/it\/\"},{\"@type\":\"ListItem\",\"position\":2,\"name\":\"Informativa sulla privacy e diritti d&#8217;autore\"}]},{\"@type\":\"WebSite\",\"@id\":\"https:\/\/www.biometic.com\/it\/#website\",\"url\":\"https:\/\/www.biometic.com\/it\/\",\"name\":\"BIOMETiC\",\"description\":\"BIOMETiC 3D X-ray Food Inspection Company\",\"publisher\":{\"@id\":\"https:\/\/www.biometic.com\/it\/#organization\"},\"potentialAction\":[{\"@type\":\"SearchAction\",\"target\":{\"@type\":\"EntryPoint\",\"urlTemplate\":\"https:\/\/www.biometic.com\/it\/?s={search_term_string}\"},\"query-input\":{\"@type\":\"PropertyValueSpecification\",\"valueRequired\":true,\"valueName\":\"search_term_string\"}}],\"inLanguage\":\"it-IT\"},{\"@type\":\"Organization\",\"@id\":\"https:\/\/www.biometic.com\/it\/#organization\",\"name\":\"Biometic\",\"url\":\"https:\/\/www.biometic.com\/it\/\",\"logo\":{\"@type\":\"ImageObject\",\"inLanguage\":\"it-IT\",\"@id\":\"https:\/\/www.biometic.com\/it\/#\/schema\/logo\/image\/\",\"url\":\"https:\/\/www.biometic.com\/wp-content\/uploads\/2021\/08\/logo-biometic.png\",\"contentUrl\":\"https:\/\/www.biometic.com\/wp-content\/uploads\/2021\/08\/logo-biometic.png\",\"width\":348,\"height\":62,\"caption\":\"Biometic\"},\"image\":{\"@id\":\"https:\/\/www.biometic.com\/it\/#\/schema\/logo\/image\/\"}}]}<\/script>\n<!-- \/ Yoast SEO plugin. -->","yoast_head_json":{"title":"BIOMETiC | Informativa sulla privacy e diritti d'autore","description":"Ci impegniamo a salvaguardare e preservare la privacy dei nostri visitatori. Puoi leggere la politica sulla privacy di BIOMETiC qui.","robots":{"index":"index","follow":"follow","max-snippet":"max-snippet:-1","max-image-preview":"max-image-preview:large","max-video-preview":"max-video-preview:-1"},"canonical":"https:\/\/www.biometic.com\/it\/informativa-sulla-privacy-e-diritti-dautore\/","og_locale":"it_IT","og_type":"article","og_title":"BIOMETiC | Informativa sulla privacy e diritti d'autore","og_description":"Ci impegniamo a salvaguardare e preservare la privacy dei nostri visitatori. Puoi leggere la politica sulla privacy di BIOMETiC qui.","og_url":"https:\/\/www.biometic.com\/it\/informativa-sulla-privacy-e-diritti-dautore\/","og_site_name":"BIOMETiC","article_modified_time":"2025-11-25T08:35:21+00:00","twitter_card":"summary_large_image","twitter_misc":{"Tempo di lettura stimato":"4 minuti"},"schema":{"@context":"https:\/\/schema.org","@graph":[{"@type":"WebPage","@id":"https:\/\/www.biometic.com\/it\/informativa-sulla-privacy-e-diritti-dautore\/","url":"https:\/\/www.biometic.com\/it\/informativa-sulla-privacy-e-diritti-dautore\/","name":"BIOMETiC | Informativa sulla privacy e diritti d'autore","isPartOf":{"@id":"https:\/\/www.biometic.com\/it\/#website"},"datePublished":"2021-09-21T06:56:14+00:00","dateModified":"2025-11-25T08:35:21+00:00","description":"Ci impegniamo a salvaguardare e preservare la privacy dei nostri visitatori. Puoi leggere la politica sulla privacy di BIOMETiC qui.","breadcrumb":{"@id":"https:\/\/www.biometic.com\/it\/informativa-sulla-privacy-e-diritti-dautore\/#breadcrumb"},"inLanguage":"it-IT","potentialAction":[{"@type":"ReadAction","target":["https:\/\/www.biometic.com\/it\/informativa-sulla-privacy-e-diritti-dautore\/"]}]},{"@type":"BreadcrumbList","@id":"https:\/\/www.biometic.com\/it\/informativa-sulla-privacy-e-diritti-dautore\/#breadcrumb","itemListElement":[{"@type":"ListItem","position":1,"name":"Home","item":"https:\/\/www.biometic.com\/it\/"},{"@type":"ListItem","position":2,"name":"Informativa sulla privacy e diritti d&#8217;autore"}]},{"@type":"WebSite","@id":"https:\/\/www.biometic.com\/it\/#website","url":"https:\/\/www.biometic.com\/it\/","name":"BIOMETiC","description":"BIOMETiC 3D X-ray Food Inspection Company","publisher":{"@id":"https:\/\/www.biometic.com\/it\/#organization"},"potentialAction":[{"@type":"SearchAction","target":{"@type":"EntryPoint","urlTemplate":"https:\/\/www.biometic.com\/it\/?s={search_term_string}"},"query-input":{"@type":"PropertyValueSpecification","valueRequired":true,"valueName":"search_term_string"}}],"inLanguage":"it-IT"},{"@type":"Organization","@id":"https:\/\/www.biometic.com\/it\/#organization","name":"Biometic","url":"https:\/\/www.biometic.com\/it\/","logo":{"@type":"ImageObject","inLanguage":"it-IT","@id":"https:\/\/www.biometic.com\/it\/#\/schema\/logo\/image\/","url":"https:\/\/www.biometic.com\/wp-content\/uploads\/2021\/08\/logo-biometic.png","contentUrl":"https:\/\/www.biometic.com\/wp-content\/uploads\/2021\/08\/logo-biometic.png","width":348,"height":62,"caption":"Biometic"},"image":{"@id":"https:\/\/www.biometic.com\/it\/#\/schema\/logo\/image\/"}}]}},"_links":{"self":[{"href":"https:\/\/www.biometic.com\/it\/wp-json\/wp\/v2\/pages\/10395"}],"collection":[{"href":"https:\/\/www.biometic.com\/it\/wp-json\/wp\/v2\/pages"}],"about":[{"href":"https:\/\/www.biometic.com\/it\/wp-json\/wp\/v2\/types\/page"}],"author":[{"embeddable":true,"href":"https:\/\/www.biometic.com\/it\/wp-json\/wp\/v2\/users\/1"}],"replies":[{"embeddable":true,"href":"https:\/\/www.biometic.com\/it\/wp-json\/wp\/v2\/comments?post=10395"}],"version-history":[{"count":56,"href":"https:\/\/www.biometic.com\/it\/wp-json\/wp\/v2\/pages\/10395\/revisions"}],"predecessor-version":[{"id":30251,"href":"https:\/\/www.biometic.com\/it\/wp-json\/wp\/v2\/pages\/10395\/revisions\/30251"}],"wp:attachment":[{"href":"https:\/\/www.biometic.com\/it\/wp-json\/wp\/v2\/media?parent=10395"}],"curies":[{"name":"wp","href":"https:\/\/api.w.org\/{rel}","templated":true}]}}